{"id":882,"date":"2021-05-27T12:26:53","date_gmt":"2021-05-27T12:26:53","guid":{"rendered":"https:\/\/alpina-galtuer.at\/kulinarik\/hausbar\/"},"modified":"2026-01-15T13:19:26","modified_gmt":"2026-01-15T13:19:26","slug":"the-bar-at-the-alpina","status":"publish","type":"page","link":"https:\/\/alpina-galtuer.at\/en\/culinary-delights\/the-bar-at-the-alpina\/","title":{"rendered":"The bar at the alpina"},"content":{"rendered":"\n<style type=\"text\/css\" data-created_by=\"avia_inline_auto\" id=\"style-css-av-1mtj2i-bd077f5b1b214eb05be523605b846176\">\n.avia-section.av-1mtj2i-bd077f5b1b214eb05be523605b846176{\nbackground-repeat:no-repeat;\nbackground-image:url(https:\/\/alpina-galtuer.at\/wp-content\/uploads\/2021\/05\/background.png);\nbackground-position:50% 50%;\nbackground-attachment:scroll;\n}\n<\/style>\n<div id='av_section_1'  class='avia-section av-1mtj2i-bd077f5b1b214eb05be523605b846176 main_color avia-section-default avia-no-border-styling  avia-builder-el-0  el_before_av_one_full  avia-builder-el-first  avia-full-stretch avia-bg-style-scroll container_wrap fullsize'  data-section-bg-repeat='stretch'><div class='container av-section-cont-open' ><main  role=\"main\" itemprop=\"mainContentOfPage\"  class='template-page content  av-content-full alpha units'><div class='post-entry post-entry-type-page post-entry-882'><div class='entry-content-wrapper clearfix'>\n<div  class='avia-slideshow av-kp6ve0dz-ba872ab279cec2dc6894a584dd6a0a4c avia-slideshow-2048x2048 av_slideshow avia-fade-slider  avia-builder-el-1  avia-builder-el-no-sibling  header-slider av-slideshow-ui av-control-hidden av-no-slider-navigation av-hide-nav-arrows av-slideshow-autoplay av-loop-endless av-loop-manual-endless av-default-height-applied avia-slideshow-1' data-slideshow-options=\"{&quot;animation&quot;:&quot;fade&quot;,&quot;autoplay&quot;:true,&quot;loop_autoplay&quot;:&quot;endless&quot;,&quot;interval&quot;:4,&quot;loop_manual&quot;:&quot;manual-endless&quot;,&quot;autoplay_stopper&quot;:false,&quot;noNavigation&quot;:true,&quot;bg_slider&quot;:false,&quot;keep_padding&quot;:false,&quot;hoverpause&quot;:false,&quot;show_slide_delay&quot;:0}\"  itemprop=\"image\" itemscope=\"itemscope\" itemtype=\"https:\/\/schema.org\/ImageObject\" ><ul class='avia-slideshow-inner ' style='padding-bottom: 66.65%;'><li  class='avia-slideshow-slide av-kp6ve0dz-ba872ab279cec2dc6894a584dd6a0a4c__0  slide-1 slide-odd'><div data-rel='slideshow-1' class='avia-slide-wrap '   ><img decoding=\"async\" fetchpriority=\"high\" class=\"wp-image-3879 avia-img-lazy-loading-not-3879\"  src=\"https:\/\/alpina-galtuer.at\/wp-content\/uploads\/2026\/01\/Bar.jpg\" width=\"2000\" height=\"1333\" title='Bar' alt=''  itemprop=\"thumbnailUrl\" srcset=\"https:\/\/alpina-galtuer.at\/wp-content\/uploads\/2026\/01\/Bar.jpg 2000w, https:\/\/alpina-galtuer.at\/wp-content\/uploads\/2026\/01\/Bar-300x200.jpg 300w, https:\/\/alpina-galtuer.at\/wp-content\/uploads\/2026\/01\/Bar-1030x686.jpg 1030w, https:\/\/alpina-galtuer.at\/wp-content\/uploads\/2026\/01\/Bar-768x512.jpg 768w, https:\/\/alpina-galtuer.at\/wp-content\/uploads\/2026\/01\/Bar-1536x1024.jpg 1536w, https:\/\/alpina-galtuer.at\/wp-content\/uploads\/2026\/01\/Bar-1500x1000.jpg 1500w, https:\/\/alpina-galtuer.at\/wp-content\/uploads\/2026\/01\/Bar-705x470.jpg 705w\" sizes=\"(max-width: 2000px) 100vw, 2000px\" \/><\/div><\/li><li  class='avia-slideshow-slide av-kp6ve0dz-ba872ab279cec2dc6894a584dd6a0a4c__1  slide-2 slide-even'><div data-rel='slideshow-1' class='avia-slide-wrap '   ><img decoding=\"async\" fetchpriority=\"high\" class=\"wp-image-950 avia-img-lazy-loading-not-950\"  src=\"https:\/\/alpina-galtuer.at\/wp-content\/uploads\/2021\/05\/Hotel-Alpina-Bar6.jpg\" width=\"2000\" height=\"1333\" title='Hotel-Alpina-Bar(6)' alt='Eine sch\u00f6ne Bar mit einer gro\u00dfen Auswahl an unterschiedlichen Spirituosen und Gl\u00e4sern. '  itemprop=\"thumbnailUrl\" srcset=\"https:\/\/alpina-galtuer.at\/wp-content\/uploads\/2021\/05\/Hotel-Alpina-Bar6.jpg 2000w, https:\/\/alpina-galtuer.at\/wp-content\/uploads\/2021\/05\/Hotel-Alpina-Bar6-300x200.jpg 300w, https:\/\/alpina-galtuer.at\/wp-content\/uploads\/2021\/05\/Hotel-Alpina-Bar6-1030x686.jpg 1030w, https:\/\/alpina-galtuer.at\/wp-content\/uploads\/2021\/05\/Hotel-Alpina-Bar6-768x512.jpg 768w, https:\/\/alpina-galtuer.at\/wp-content\/uploads\/2021\/05\/Hotel-Alpina-Bar6-1536x1024.jpg 1536w, https:\/\/alpina-galtuer.at\/wp-content\/uploads\/2021\/05\/Hotel-Alpina-Bar6-1500x1000.jpg 1500w, https:\/\/alpina-galtuer.at\/wp-content\/uploads\/2021\/05\/Hotel-Alpina-Bar6-705x470.jpg 705w\" sizes=\"(max-width: 2000px) 100vw, 2000px\" \/><\/div><\/li><li  class='avia-slideshow-slide av-kp6ve0dz-ba872ab279cec2dc6894a584dd6a0a4c__2  slide-3 slide-odd'><div data-rel='slideshow-1' class='avia-slide-wrap '   ><img decoding=\"async\" fetchpriority=\"high\" class=\"wp-image-945 avia-img-lazy-loading-not-945\"  src=\"https:\/\/alpina-galtuer.at\/wp-content\/uploads\/2021\/05\/Hotel-Alpina-Bar1.jpg\" width=\"2000\" height=\"1333\" title='Hotel-Alpina-Bar(1)' alt='Ein sch\u00f6ner Essbereich von einem Hotel mit roten und grauen Polstern. '  itemprop=\"thumbnailUrl\" srcset=\"https:\/\/alpina-galtuer.at\/wp-content\/uploads\/2021\/05\/Hotel-Alpina-Bar1.jpg 2000w, https:\/\/alpina-galtuer.at\/wp-content\/uploads\/2021\/05\/Hotel-Alpina-Bar1-300x200.jpg 300w, https:\/\/alpina-galtuer.at\/wp-content\/uploads\/2021\/05\/Hotel-Alpina-Bar1-1030x686.jpg 1030w, https:\/\/alpina-galtuer.at\/wp-content\/uploads\/2021\/05\/Hotel-Alpina-Bar1-768x512.jpg 768w, https:\/\/alpina-galtuer.at\/wp-content\/uploads\/2021\/05\/Hotel-Alpina-Bar1-1536x1024.jpg 1536w, https:\/\/alpina-galtuer.at\/wp-content\/uploads\/2021\/05\/Hotel-Alpina-Bar1-1500x1000.jpg 1500w, https:\/\/alpina-galtuer.at\/wp-content\/uploads\/2021\/05\/Hotel-Alpina-Bar1-705x470.jpg 705w\" sizes=\"(max-width: 2000px) 100vw, 2000px\" \/><\/div><\/li><li  class='avia-slideshow-slide av-kp6ve0dz-ba872ab279cec2dc6894a584dd6a0a4c__3  slide-4 slide-even'><div data-rel='slideshow-1' class='avia-slide-wrap '   ><img decoding=\"async\" fetchpriority=\"high\" class=\"wp-image-947 avia-img-lazy-loading-not-947\"  src=\"https:\/\/alpina-galtuer.at\/wp-content\/uploads\/2021\/05\/Hotel-Alpina-Bar3.jpg\" width=\"2000\" height=\"1333\" title='Hotel-Alpina-Bar(3)' alt='Eine sch\u00f6ne Bar mit einer gro\u00dfen Auswahl an unterschiedlichen Spirituosen und Gl\u00e4sern. '  itemprop=\"thumbnailUrl\" srcset=\"https:\/\/alpina-galtuer.at\/wp-content\/uploads\/2021\/05\/Hotel-Alpina-Bar3.jpg 2000w, https:\/\/alpina-galtuer.at\/wp-content\/uploads\/2021\/05\/Hotel-Alpina-Bar3-300x200.jpg 300w, https:\/\/alpina-galtuer.at\/wp-content\/uploads\/2021\/05\/Hotel-Alpina-Bar3-1030x686.jpg 1030w, https:\/\/alpina-galtuer.at\/wp-content\/uploads\/2021\/05\/Hotel-Alpina-Bar3-768x512.jpg 768w, https:\/\/alpina-galtuer.at\/wp-content\/uploads\/2021\/05\/Hotel-Alpina-Bar3-1536x1024.jpg 1536w, https:\/\/alpina-galtuer.at\/wp-content\/uploads\/2021\/05\/Hotel-Alpina-Bar3-1500x1000.jpg 1500w, https:\/\/alpina-galtuer.at\/wp-content\/uploads\/2021\/05\/Hotel-Alpina-Bar3-705x470.jpg 705w\" sizes=\"(max-width: 2000px) 100vw, 2000px\" \/><\/div><\/li><li  class='avia-slideshow-slide av-kp6ve0dz-ba872ab279cec2dc6894a584dd6a0a4c__4  slide-5 slide-odd'><div data-rel='slideshow-1' class='avia-slide-wrap '   ><img decoding=\"async\" fetchpriority=\"high\" class=\"wp-image-948 avia-img-lazy-loading-not-948\"  src=\"https:\/\/alpina-galtuer.at\/wp-content\/uploads\/2021\/05\/Hotel-Alpina-Bar4.jpg\" width=\"2000\" height=\"1333\" title='Hotel-Alpina-Bar(4)' alt='Eine sch\u00f6ne Bar mit einer gro\u00dfen Auswahl an unterschiedlichen Spirituosen und Gl\u00e4sern. '  itemprop=\"thumbnailUrl\" srcset=\"https:\/\/alpina-galtuer.at\/wp-content\/uploads\/2021\/05\/Hotel-Alpina-Bar4.jpg 2000w, https:\/\/alpina-galtuer.at\/wp-content\/uploads\/2021\/05\/Hotel-Alpina-Bar4-300x200.jpg 300w, https:\/\/alpina-galtuer.at\/wp-content\/uploads\/2021\/05\/Hotel-Alpina-Bar4-1030x686.jpg 1030w, https:\/\/alpina-galtuer.at\/wp-content\/uploads\/2021\/05\/Hotel-Alpina-Bar4-768x512.jpg 768w, https:\/\/alpina-galtuer.at\/wp-content\/uploads\/2021\/05\/Hotel-Alpina-Bar4-1536x1024.jpg 1536w, https:\/\/alpina-galtuer.at\/wp-content\/uploads\/2021\/05\/Hotel-Alpina-Bar4-1500x1000.jpg 1500w, https:\/\/alpina-galtuer.at\/wp-content\/uploads\/2021\/05\/Hotel-Alpina-Bar4-705x470.jpg 705w\" sizes=\"(max-width: 2000px) 100vw, 2000px\" \/><\/div><\/li><li  class='avia-slideshow-slide av-kp6ve0dz-ba872ab279cec2dc6894a584dd6a0a4c__5  slide-6 slide-even'><div data-rel='slideshow-1' class='avia-slide-wrap '   ><img decoding=\"async\" fetchpriority=\"high\" class=\"wp-image-946 avia-img-lazy-loading-not-946\"  src=\"https:\/\/alpina-galtuer.at\/wp-content\/uploads\/2021\/05\/Hotel-Alpina-Bar2.jpg\" width=\"2000\" height=\"1333\" title='Hotel-Alpina-Bar(2)' alt='Eine Pflanze und eine Kerze stehen auf einem Tisch. '  itemprop=\"thumbnailUrl\" srcset=\"https:\/\/alpina-galtuer.at\/wp-content\/uploads\/2021\/05\/Hotel-Alpina-Bar2.jpg 2000w, https:\/\/alpina-galtuer.at\/wp-content\/uploads\/2021\/05\/Hotel-Alpina-Bar2-300x200.jpg 300w, https:\/\/alpina-galtuer.at\/wp-content\/uploads\/2021\/05\/Hotel-Alpina-Bar2-1030x686.jpg 1030w, https:\/\/alpina-galtuer.at\/wp-content\/uploads\/2021\/05\/Hotel-Alpina-Bar2-768x512.jpg 768w, https:\/\/alpina-galtuer.at\/wp-content\/uploads\/2021\/05\/Hotel-Alpina-Bar2-1536x1024.jpg 1536w, https:\/\/alpina-galtuer.at\/wp-content\/uploads\/2021\/05\/Hotel-Alpina-Bar2-1500x1000.jpg 1500w, https:\/\/alpina-galtuer.at\/wp-content\/uploads\/2021\/05\/Hotel-Alpina-Bar2-705x470.jpg 705w\" sizes=\"(max-width: 2000px) 100vw, 2000px\" \/><\/div><\/li><\/ul><div class='avia-slideshow-arrows avia-slideshow-controls' ><a href='#prev' class='prev-slide  avia-svg-icon avia-font-svg_entypo-fontello' data-av_svg_icon='left-open-big' data-av_iconset='svg_entypo-fontello' tabindex='-1' title=\"Previous\"><svg version=\"1.1\" xmlns=\"http:\/\/www.w3.org\/2000\/svg\" width=\"15\" height=\"32\" viewBox=\"0 0 15 32\" preserveAspectRatio=\"xMidYMid meet\" aria-labelledby='av-svg-title-1' aria-describedby='av-svg-desc-1' role=\"graphics-symbol\" aria-hidden=\"true\">\n<title id='av-svg-title-1'>Previous<\/title>\n<desc id='av-svg-desc-1'>Previous<\/desc>\n<path d=\"M14.464 27.84q0.832 0.832 0 1.536-0.832 0.832-1.536 0l-12.544-12.608q-0.768-0.768 0-1.6l12.544-12.608q0.704-0.832 1.536 0 0.832 0.704 0 1.536l-11.456 11.904z\"><\/path>\n<\/svg><span class='avia_hidden_link_text'>Previous<\/span><\/a><a href='#next' class='next-slide  avia-svg-icon avia-font-svg_entypo-fontello' data-av_svg_icon='right-open-big' data-av_iconset='svg_entypo-fontello' tabindex='-1' title=\"Next\"><svg version=\"1.1\" xmlns=\"http:\/\/www.w3.org\/2000\/svg\" width=\"15\" height=\"32\" viewBox=\"0 0 15 32\" preserveAspectRatio=\"xMidYMid meet\" aria-labelledby='av-svg-title-2' aria-describedby='av-svg-desc-2' role=\"graphics-symbol\" aria-hidden=\"true\">\n<title id='av-svg-title-2'>Next<\/title>\n<desc id='av-svg-desc-2'>Next<\/desc>\n<path d=\"M0.416 27.84l11.456-11.84-11.456-11.904q-0.832-0.832 0-1.536 0.832-0.832 1.536 0l12.544 12.608q0.768 0.832 0 1.6l-12.544 12.608q-0.704 0.832-1.536 0-0.832-0.704 0-1.536z\"><\/path>\n<\/svg><span class='avia_hidden_link_text'>Next<\/span><\/a><\/div><\/div>\n<\/div><\/div><\/main><!-- close content main element --><\/div><\/div><div id='after_section_1'  class='main_color av_default_container_wrap container_wrap fullsize'  ><div class='container av-section-cont-open' ><div class='template-page content  av-content-full alpha units'><div class='post-entry post-entry-type-page post-entry-882'><div class='entry-content-wrapper clearfix'>\n<style type=\"text\/css\" data-created_by=\"avia_inline_auto\" id=\"style-css-av-jvnh6-0c3654b344f508cc61ef1ac470e97668\">\n.flex_column.av-jvnh6-0c3654b344f508cc61ef1ac470e97668{\nborder-radius:0px 0px 0px 0px;\npadding:0px 0px 0px 0px;\nbackground-color:#6a1219;\n}\n<\/style>\n<div  class='flex_column av-jvnh6-0c3654b344f508cc61ef1ac470e97668 av_one_full  avia-builder-el-2  el_after_av_section  el_before_av_section  avia-builder-el-no-sibling  ueberschrift first flex_column_div av-animated-generic bottom-to-top av-zero-column-padding  '     ><style type=\"text\/css\" data-created_by=\"avia_inline_auto\" id=\"style-css-av-kp6vefjj-f1ba8b1173fd625d40f1760189794516\">\n#top .av-special-heading.av-kp6vefjj-f1ba8b1173fd625d40f1760189794516{\npadding-bottom:10px;\ncolor:#ffffff;\n}\nbody .av-special-heading.av-kp6vefjj-f1ba8b1173fd625d40f1760189794516 .av-special-heading-tag .heading-char{\nfont-size:25px;\n}\n#top #wrap_all .av-special-heading.av-kp6vefjj-f1ba8b1173fd625d40f1760189794516 .av-special-heading-tag{\npadding:10px 10px 10px 10px;\n}\n.av-special-heading.av-kp6vefjj-f1ba8b1173fd625d40f1760189794516 .special-heading-inner-border{\nborder-color:#ffffff;\n}\n.av-special-heading.av-kp6vefjj-f1ba8b1173fd625d40f1760189794516 .av-subheading{\nfont-size:15px;\n}\n<\/style>\n<div  class='av-special-heading av-kp6vefjj-f1ba8b1173fd625d40f1760189794516 av-special-heading-h1 custom-color-heading blockquote modern-quote  avia-builder-el-3  avia-builder-el-no-sibling '><h1 class='av-special-heading-tag '  itemprop=\"headline\"  >Simply relax<\/br> in our bar.<\/h1><div class=\"special-heading-border\"><div class=\"special-heading-inner-border\"><\/div><\/div><\/div><\/div><\/p>\n<\/div><\/div><\/div><!-- close content main div --><\/div><\/div>\n<style type=\"text\/css\" data-created_by=\"avia_inline_auto\" id=\"style-css-av-d2d8a-c145e5a43719fe11b1036c3c0cd9945d\">\n.avia-section.av-d2d8a-c145e5a43719fe11b1036c3c0cd9945d{\nbackground-color:#d3d1cb;\nbackground-image:unset;\n}\n<\/style>\n<div id='av_section_2'  class='avia-section av-d2d8a-c145e5a43719fe11b1036c3c0cd9945d main_color avia-section-default avia-no-border-styling  avia-builder-el-4  el_after_av_one_full  el_before_av_one_full  avia-bg-style-scroll container_wrap fullsize'  ><div class='container av-section-cont-open' ><div class='template-page content  av-content-full alpha units'><div class='post-entry post-entry-type-page post-entry-882'><div class='entry-content-wrapper clearfix'>\n\n<style type=\"text\/css\" data-created_by=\"avia_inline_auto\" id=\"style-css-av-btriq-be4d0e3114c6551936214ec8440eee94\">\n.flex_column.av-btriq-be4d0e3114c6551936214ec8440eee94{\nborder-radius:0px 0px 0px 0px;\npadding:0px 0px 0px 0px;\n}\n<\/style>\n<div  class='flex_column av-btriq-be4d0e3114c6551936214ec8440eee94 av_one_fifth  avia-builder-el-5  el_before_av_three_fourth  avia-builder-el-first  first flex_column_div av-zero-column-padding  '     ><\/div>\n<style type=\"text\/css\" data-created_by=\"avia_inline_auto\" id=\"style-css-av-7ujnm-2300e87087082f633dd0659ca50c08f8\">\n.flex_column.av-7ujnm-2300e87087082f633dd0659ca50c08f8{\nborder-radius:0px 0px 0px 0px;\npadding:0px 0px 0px 0px;\n}\n<\/style>\n<div  class='flex_column av-7ujnm-2300e87087082f633dd0659ca50c08f8 av_three_fourth  avia-builder-el-6  el_after_av_one_fifth  avia-builder-el-last  flex_column_div av-animated-generic bottom-to-top av-zero-column-padding  '     ><section  class='av_textblock_section av-kp6vevho-25a460896caa3521828bd6ac7a56ba91 '   itemscope=\"itemscope\" itemtype=\"https:\/\/schema.org\/CreativeWork\" ><div class='avia_textblock'  itemprop=\"text\" ><p>Let us spoil you and enjoy a tasty drink and a nice chat in our newly furnished bar. No matter whether you have a cappuccino in the morning, a glass of fruit juice or a freshly tapped beer at noon or a full-bodied red wine in the evening \u2013 our boss serves you whatever you desire.<\/p>\n<\/div><\/section><\/div>\n<\/div><\/div><\/div><!-- close content main div --><\/div><\/div><div id='after_section_2'  class='main_color av_default_container_wrap container_wrap fullsize'  ><div class='container av-section-cont-open' ><div class='template-page content  av-content-full alpha units'><div class='post-entry post-entry-type-page post-entry-882'><div class='entry-content-wrapper clearfix'>\n\n<style type=\"text\/css\" data-created_by=\"avia_inline_auto\" id=\"style-css-av-frpuy-6bde24413bb56eb52c4c738cb4e9f9f9\">\n.flex_column.av-frpuy-6bde24413bb56eb52c4c738cb4e9f9f9{\nborder-radius:0px 0px 0px 0px;\npadding:0px 0px 0px 0px;\n}\n<\/style>\n<div  class='flex_column av-frpuy-6bde24413bb56eb52c4c738cb4e9f9f9 av_one_full  avia-builder-el-8  el_after_av_section  avia-builder-el-no-sibling  icon-verschiebung first flex_column_div av-zero-column-padding  '     ><style type=\"text\/css\" data-created_by=\"avia_inline_auto\" id=\"style-css-av-ayg7e-918d695aaeb44ca414b9f819e77319d6\">\n.avia-image-container.av-ayg7e-918d695aaeb44ca414b9f819e77319d6 img.avia_image{\nbox-shadow:none;\n}\n.avia-image-container.av-ayg7e-918d695aaeb44ca414b9f819e77319d6 .av-image-caption-overlay-center{\ncolor:#ffffff;\n}\n<\/style>\n<div  class='avia-image-container av-ayg7e-918d695aaeb44ca414b9f819e77319d6 av-styling- avia-align-left  avia-builder-el-9  avia-builder-el-no-sibling '   itemprop=\"image\" itemscope=\"itemscope\" itemtype=\"https:\/\/schema.org\/ImageObject\" ><div class=\"avia-image-container-inner\"><div class=\"avia-image-overlay-wrap\"><img decoding=\"async\" fetchpriority=\"high\" class='wp-image-876 avia-img-lazy-loading-not-876 avia_image ' src=\"https:\/\/alpina-galtuer.at\/wp-content\/uploads\/2021\/05\/icons-kulinarik-2-300x300.png\" alt='icons-kulinarik' title='icons-kulinarik'  height=\"300\" width=\"300\"  itemprop=\"thumbnailUrl\" srcset=\"https:\/\/alpina-galtuer.at\/wp-content\/uploads\/2021\/05\/icons-kulinarik-2.png 300w, https:\/\/alpina-galtuer.at\/wp-content\/uploads\/2021\/05\/icons-kulinarik-2-80x80.png 80w, https:\/\/alpina-galtuer.at\/wp-content\/uploads\/2021\/05\/icons-kulinarik-2-36x36.png 36w, https:\/\/alpina-galtuer.at\/wp-content\/uploads\/2021\/05\/icons-kulinarik-2-180x180.png 180w\" sizes=\"(max-width: 300px) 100vw, 300px\" \/><\/div><\/div><\/div><\/div>\n","protected":false},"excerpt":{"rendered":"","protected":false},"author":2,"featured_media":0,"parent":860,"menu_order":1,"comment_status":"closed","ping_status":"closed","template":"","meta":{"_acf_changed":false,"footnotes":""},"class_list":["post-882","page","type-page","status-publish","hentry"],"acf":[],"yoast_head":"<!-- This site is optimized with the Yoast SEO plugin v27.4 - https:\/\/yoast.com\/product\/yoast-seo-wordpress\/ -->\n<title>Hotel Alpina Galt\u00fcr | The bar at the alpina<\/title>\n<meta name=\"description\" content=\"Hotel Alpina Galt\u00fcr \u2713 Restaurant \u2713 Wellness \u2713 Culinary pampering programme \u2713 Holidays with children \u2713 The bar at the alpina\" \/>\n<meta name=\"robots\" content=\"index, follow, max-snippet:-1, max-image-preview:large, max-video-preview:-1\" \/>\n<link rel=\"canonical\" href=\"https:\/\/alpina-galtuer.at\/en\/culinary-delights\/the-bar-at-the-alpina\/\" \/>\n<meta property=\"og:locale\" content=\"en_US\" \/>\n<meta property=\"og:type\" content=\"article\" \/>\n<meta property=\"og:title\" content=\"Hotel Alpina Galt\u00fcr | The bar at the alpina\" \/>\n<meta property=\"og:description\" content=\"Hotel Alpina Galt\u00fcr \u2713 Restaurant \u2713 Wellness \u2713 Culinary pampering programme \u2713 Holidays with children \u2713 The bar at the alpina\" \/>\n<meta property=\"og:url\" content=\"https:\/\/alpina-galtuer.at\/en\/culinary-delights\/the-bar-at-the-alpina\/\" \/>\n<meta property=\"og:site_name\" content=\"Hotel Alpina Galt\u00fcr\" \/>\n<meta property=\"article:modified_time\" content=\"2026-01-15T13:19:26+00:00\" \/>\n<meta name=\"twitter:card\" content=\"summary_large_image\" \/>\n<meta name=\"twitter:label1\" content=\"Est. reading time\" \/>\n\t<meta name=\"twitter:data1\" content=\"2 minutes\" \/>\n<script type=\"application\/ld+json\" class=\"yoast-schema-graph\">{\"@context\":\"https:\\\/\\\/schema.org\",\"@graph\":[{\"@type\":\"WebPage\",\"@id\":\"https:\\\/\\\/alpina-galtuer.at\\\/en\\\/culinary-delights\\\/the-bar-at-the-alpina\\\/\",\"url\":\"https:\\\/\\\/alpina-galtuer.at\\\/en\\\/culinary-delights\\\/the-bar-at-the-alpina\\\/\",\"name\":\"Hotel Alpina Galt\u00fcr | The bar at the alpina\",\"isPartOf\":{\"@id\":\"https:\\\/\\\/alpina-galtuer.at\\\/#website\"},\"datePublished\":\"2021-05-27T12:26:53+00:00\",\"dateModified\":\"2026-01-15T13:19:26+00:00\",\"description\":\"Hotel Alpina Galt\u00fcr \u2713 Restaurant \u2713 Wellness \u2713 Culinary pampering programme \u2713 Holidays with children \u2713 The bar at the alpina\",\"breadcrumb\":{\"@id\":\"https:\\\/\\\/alpina-galtuer.at\\\/en\\\/culinary-delights\\\/the-bar-at-the-alpina\\\/#breadcrumb\"},\"inLanguage\":\"en-US\",\"potentialAction\":[{\"@type\":\"ReadAction\",\"target\":[\"https:\\\/\\\/alpina-galtuer.at\\\/en\\\/culinary-delights\\\/the-bar-at-the-alpina\\\/\"]}]},{\"@type\":\"BreadcrumbList\",\"@id\":\"https:\\\/\\\/alpina-galtuer.at\\\/en\\\/culinary-delights\\\/the-bar-at-the-alpina\\\/#breadcrumb\",\"itemListElement\":[{\"@type\":\"ListItem\",\"position\":1,\"name\":\"Startseite\",\"item\":\"https:\\\/\\\/alpina-galtuer.at\\\/en\\\/\"},{\"@type\":\"ListItem\",\"position\":2,\"name\":\"CULINARY DELIGHTS\",\"item\":\"https:\\\/\\\/alpina-galtuer.at\\\/en\\\/culinary-delights\\\/\"},{\"@type\":\"ListItem\",\"position\":3,\"name\":\"The bar at the alpina\"}]},{\"@type\":\"WebSite\",\"@id\":\"https:\\\/\\\/alpina-galtuer.at\\\/#website\",\"url\":\"https:\\\/\\\/alpina-galtuer.at\\\/\",\"name\":\"Hotel Alpina Galt\u00fcr\",\"description\":\"Urlaub im Einklang mit der Natur\",\"publisher\":{\"@id\":\"https:\\\/\\\/alpina-galtuer.at\\\/#organization\"},\"potentialAction\":[{\"@type\":\"SearchAction\",\"target\":{\"@type\":\"EntryPoint\",\"urlTemplate\":\"https:\\\/\\\/alpina-galtuer.at\\\/?s={search_term_string}\"},\"query-input\":{\"@type\":\"PropertyValueSpecification\",\"valueRequired\":true,\"valueName\":\"search_term_string\"}}],\"inLanguage\":\"en-US\"},{\"@type\":\"Organization\",\"@id\":\"https:\\\/\\\/alpina-galtuer.at\\\/#organization\",\"name\":\"Hotel Alpina Galt\u00fcr\",\"url\":\"https:\\\/\\\/alpina-galtuer.at\\\/\",\"logo\":{\"@type\":\"ImageObject\",\"inLanguage\":\"en-US\",\"@id\":\"https:\\\/\\\/alpina-galtuer.at\\\/#\\\/schema\\\/logo\\\/image\\\/\",\"url\":\"https:\\\/\\\/alpina-galtuer.at\\\/wp-content\\\/uploads\\\/2021\\\/05\\\/alpina-logo_Zeichenfla\u0308che-1-03.png\",\"contentUrl\":\"https:\\\/\\\/alpina-galtuer.at\\\/wp-content\\\/uploads\\\/2021\\\/05\\\/alpina-logo_Zeichenfla\u0308che-1-03.png\",\"width\":2528,\"height\":1543,\"caption\":\"Hotel Alpina Galt\u00fcr\"},\"image\":{\"@id\":\"https:\\\/\\\/alpina-galtuer.at\\\/#\\\/schema\\\/logo\\\/image\\\/\"}}]}<\/script>\n<!-- \/ Yoast SEO plugin. -->","yoast_head_json":{"title":"Hotel Alpina Galt\u00fcr | The bar at the alpina","description":"Hotel Alpina Galt\u00fcr \u2713 Restaurant \u2713 Wellness \u2713 Culinary pampering programme \u2713 Holidays with children \u2713 The bar at the alpina","robots":{"index":"index","follow":"follow","max-snippet":"max-snippet:-1","max-image-preview":"max-image-preview:large","max-video-preview":"max-video-preview:-1"},"canonical":"https:\/\/alpina-galtuer.at\/en\/culinary-delights\/the-bar-at-the-alpina\/","og_locale":"en_US","og_type":"article","og_title":"Hotel Alpina Galt\u00fcr | The bar at the alpina","og_description":"Hotel Alpina Galt\u00fcr \u2713 Restaurant \u2713 Wellness \u2713 Culinary pampering programme \u2713 Holidays with children \u2713 The bar at the alpina","og_url":"https:\/\/alpina-galtuer.at\/en\/culinary-delights\/the-bar-at-the-alpina\/","og_site_name":"Hotel Alpina Galt\u00fcr","article_modified_time":"2026-01-15T13:19:26+00:00","twitter_card":"summary_large_image","twitter_misc":{"Est. reading time":"2 minutes"},"schema":{"@context":"https:\/\/schema.org","@graph":[{"@type":"WebPage","@id":"https:\/\/alpina-galtuer.at\/en\/culinary-delights\/the-bar-at-the-alpina\/","url":"https:\/\/alpina-galtuer.at\/en\/culinary-delights\/the-bar-at-the-alpina\/","name":"Hotel Alpina Galt\u00fcr | The bar at the alpina","isPartOf":{"@id":"https:\/\/alpina-galtuer.at\/#website"},"datePublished":"2021-05-27T12:26:53+00:00","dateModified":"2026-01-15T13:19:26+00:00","description":"Hotel Alpina Galt\u00fcr \u2713 Restaurant \u2713 Wellness \u2713 Culinary pampering programme \u2713 Holidays with children \u2713 The bar at the alpina","breadcrumb":{"@id":"https:\/\/alpina-galtuer.at\/en\/culinary-delights\/the-bar-at-the-alpina\/#breadcrumb"},"inLanguage":"en-US","potentialAction":[{"@type":"ReadAction","target":["https:\/\/alpina-galtuer.at\/en\/culinary-delights\/the-bar-at-the-alpina\/"]}]},{"@type":"BreadcrumbList","@id":"https:\/\/alpina-galtuer.at\/en\/culinary-delights\/the-bar-at-the-alpina\/#breadcrumb","itemListElement":[{"@type":"ListItem","position":1,"name":"Startseite","item":"https:\/\/alpina-galtuer.at\/en\/"},{"@type":"ListItem","position":2,"name":"CULINARY DELIGHTS","item":"https:\/\/alpina-galtuer.at\/en\/culinary-delights\/"},{"@type":"ListItem","position":3,"name":"The bar at the alpina"}]},{"@type":"WebSite","@id":"https:\/\/alpina-galtuer.at\/#website","url":"https:\/\/alpina-galtuer.at\/","name":"Hotel Alpina Galt\u00fcr","description":"Urlaub im Einklang mit der Natur","publisher":{"@id":"https:\/\/alpina-galtuer.at\/#organization"},"potentialAction":[{"@type":"SearchAction","target":{"@type":"EntryPoint","urlTemplate":"https:\/\/alpina-galtuer.at\/?s={search_term_string}"},"query-input":{"@type":"PropertyValueSpecification","valueRequired":true,"valueName":"search_term_string"}}],"inLanguage":"en-US"},{"@type":"Organization","@id":"https:\/\/alpina-galtuer.at\/#organization","name":"Hotel Alpina Galt\u00fcr","url":"https:\/\/alpina-galtuer.at\/","logo":{"@type":"ImageObject","inLanguage":"en-US","@id":"https:\/\/alpina-galtuer.at\/#\/schema\/logo\/image\/","url":"https:\/\/alpina-galtuer.at\/wp-content\/uploads\/2021\/05\/alpina-logo_Zeichenfla\u0308che-1-03.png","contentUrl":"https:\/\/alpina-galtuer.at\/wp-content\/uploads\/2021\/05\/alpina-logo_Zeichenfla\u0308che-1-03.png","width":2528,"height":1543,"caption":"Hotel Alpina Galt\u00fcr"},"image":{"@id":"https:\/\/alpina-galtuer.at\/#\/schema\/logo\/image\/"}}]}},"_links":{"self":[{"href":"https:\/\/alpina-galtuer.at\/en\/wp-json\/wp\/v2\/pages\/882","targetHints":{"allow":["GET"]}}],"collection":[{"href":"https:\/\/alpina-galtuer.at\/en\/wp-json\/wp\/v2\/pages"}],"about":[{"href":"https:\/\/alpina-galtuer.at\/en\/wp-json\/wp\/v2\/types\/page"}],"author":[{"embeddable":true,"href":"https:\/\/alpina-galtuer.at\/en\/wp-json\/wp\/v2\/users\/2"}],"replies":[{"embeddable":true,"href":"https:\/\/alpina-galtuer.at\/en\/wp-json\/wp\/v2\/comments?post=882"}],"version-history":[{"count":9,"href":"https:\/\/alpina-galtuer.at\/en\/wp-json\/wp\/v2\/pages\/882\/revisions"}],"predecessor-version":[{"id":3886,"href":"https:\/\/alpina-galtuer.at\/en\/wp-json\/wp\/v2\/pages\/882\/revisions\/3886"}],"up":[{"embeddable":true,"href":"https:\/\/alpina-galtuer.at\/en\/wp-json\/wp\/v2\/pages\/860"}],"wp:attachment":[{"href":"https:\/\/alpina-galtuer.at\/en\/wp-json\/wp\/v2\/media?parent=882"}],"curies":[{"name":"wp","href":"https:\/\/api.w.org\/{rel}","templated":true}]}}