{"id":855,"date":"2021-05-10T09:45:05","date_gmt":"2021-05-10T09:45:05","guid":{"rendered":"https:\/\/alpina-galtuer.at\/gastgeber\/"},"modified":"2025-12-18T10:12:09","modified_gmt":"2025-12-18T10:12:09","slug":"your-hosts","status":"publish","type":"page","link":"https:\/\/alpina-galtuer.at\/en\/your-hosts\/","title":{"rendered":"YOUR HOSTS."},"content":{"rendered":"<div id='av_section_1'  class='avia-section av-6zy5o-ccf9a157bb7d1f9633272ebfa971dec4 main_color avia-section-default avia-no-border-styling  avia-builder-el-0  el_before_av_layout_row  avia-builder-el-first  avia-bg-style-scroll container_wrap fullsize'  ><div class='container av-section-cont-open' ><main  role=\"main\" itemprop=\"mainContentOfPage\"  class='template-page content  av-content-full alpha units'><div class='post-entry post-entry-type-page post-entry-855'><div class='entry-content-wrapper clearfix'>\n<div class='flex_column_table av-65yu4-f581e8aaf38e32970c358d00d170f30a sc-av_one_fifth av-equal-height-column-flextable'>\n<style type=\"text\/css\" data-created_by=\"avia_inline_auto\" id=\"style-css-av-65yu4-f581e8aaf38e32970c358d00d170f30a\">\n.flex_column.av-65yu4-f581e8aaf38e32970c358d00d170f30a{\nborder-radius:0px 0px 0px 0px;\npadding:0px 0px 0px 0px;\n}\n<\/style>\n<div  class='flex_column av-65yu4-f581e8aaf38e32970c358d00d170f30a av_one_fifth  avia-builder-el-1  el_before_av_three_fourth  avia-builder-el-first  first flex_column_table_cell av-equal-height-column av-align-middle av-zero-column-padding  '     ><style type=\"text\/css\" data-created_by=\"avia_inline_auto\" id=\"style-css-av-5w3l8-e7be78cf3d8b97584ff6e8364b395621\">\n.avia-image-container.av-5w3l8-e7be78cf3d8b97584ff6e8364b395621 img.avia_image{\nbox-shadow:none;\n}\n.avia-image-container.av-5w3l8-e7be78cf3d8b97584ff6e8364b395621 .av-image-caption-overlay-center{\ncolor:#ffffff;\n}\n<\/style>\n<div  class='avia-image-container av-5w3l8-e7be78cf3d8b97584ff6e8364b395621 av-styling- avia-align-center  avia-builder-el-2  avia-builder-el-no-sibling  av-small-hide av-mini-hide'   itemprop=\"image\" itemscope=\"itemscope\" itemtype=\"https:\/\/schema.org\/ImageObject\" ><div class=\"avia-image-container-inner\"><div class=\"avia-image-overlay-wrap\"><img decoding=\"async\" fetchpriority=\"high\" class='wp-image-935 avia-img-lazy-loading-not-935 avia_image ' src=\"https:\/\/alpina-galtuer.at\/wp-content\/uploads\/2021\/05\/pfeile-stil-300-300x300.png\" alt='Icon Pfeile in Rot.' title='pfeile-stil-300'  height=\"300\" width=\"300\"  itemprop=\"thumbnailUrl\" srcset=\"https:\/\/alpina-galtuer.at\/wp-content\/uploads\/2021\/05\/pfeile-stil-300.png 300w, https:\/\/alpina-galtuer.at\/wp-content\/uploads\/2021\/05\/pfeile-stil-300-80x80.png 80w, https:\/\/alpina-galtuer.at\/wp-content\/uploads\/2021\/05\/pfeile-stil-300-36x36.png 36w, https:\/\/alpina-galtuer.at\/wp-content\/uploads\/2021\/05\/pfeile-stil-300-180x180.png 180w\" sizes=\"(max-width: 300px) 100vw, 300px\" \/><\/div><\/div><\/div><\/div><div class='av-flex-placeholder'><\/div>\n<style type=\"text\/css\" data-created_by=\"avia_inline_auto\" id=\"style-css-av-56qpc-03711085f95060f9556cbc76ebc96185\">\n.flex_column.av-56qpc-03711085f95060f9556cbc76ebc96185{\nborder-radius:0px 0px 0px 0px;\npadding:0px 0px 0px 0px;\n}\n<\/style>\n<div  class='flex_column av-56qpc-03711085f95060f9556cbc76ebc96185 av_three_fourth  avia-builder-el-3  el_after_av_one_fifth  avia-builder-el-last  flex_column_table_cell av-equal-height-column av-align-middle av-zero-column-padding  '     ><p>\n<style type=\"text\/css\" data-created_by=\"avia_inline_auto\" id=\"style-css-av-kpdq7p9e-2f52839016ae7c74d016f648f2bbac34\">\n#top .av-special-heading.av-kpdq7p9e-2f52839016ae7c74d016f648f2bbac34{\npadding-bottom:10px;\n}\nbody .av-special-heading.av-kpdq7p9e-2f52839016ae7c74d016f648f2bbac34 .av-special-heading-tag .heading-char{\nfont-size:25px;\n}\n.av-special-heading.av-kpdq7p9e-2f52839016ae7c74d016f648f2bbac34 .av-subheading{\nfont-size:15px;\n}\n<\/style>\n<div  class='av-special-heading av-kpdq7p9e-2f52839016ae7c74d016f648f2bbac34 av-special-heading-h1 blockquote modern-quote  avia-builder-el-4  el_before_av_textblock  avia-builder-el-first '><h1 class='av-special-heading-tag '  itemprop=\"headline\"  >TRADITION AT THE ALPINA.<\/h1><div class=\"special-heading-border\"><div class=\"special-heading-inner-border\"><\/div><\/div><\/div><br \/>\n<section  class='av_textblock_section av-kpdq7wlt-85ec8db8da85c948e39d28ebffb5a84f '   itemscope=\"itemscope\" itemtype=\"https:\/\/schema.org\/CreativeWork\" ><div class='avia_textblock'  itemprop=\"text\" ><p>At the &#8220;Alpina&#8221; you can feel that being on holiday means more here than simply being a visitor. And you can feel that from the moment you arrive. For three generations and 50 years in which the hotel has captured our family\u2019s spirit, we have made the Alpina into a family hotel amid the blue mountains of the Silvretta \u2013 a family hotel, in which tradition and zeitgeist merge.<\/p>\n<\/div><\/section><\/p><\/div><\/div><!--close column table wrapper. Autoclose: 1 -->\n\n<\/div><\/div><\/main><!-- close content main element --><\/div><\/div><div id='av-layout-grid-1'  class='av-layout-grid-container av-4fusw-1c49ef2e8b2013650914a86b5f89f5ee entry-content-wrapper main_color av-flex-cells av-break-at-tablet  avia-builder-el-6  el_after_av_section  avia-builder-el-last  av-layout-grid-container-width grid-row-not-first  container_wrap fullsize'  >\n\n<style type=\"text\/css\" data-created_by=\"avia_inline_auto\" id=\"style-css-av-3vbdg-a1293b8275af5f37eceddde20263d560\">\n.flex_cell.av-3vbdg-a1293b8275af5f37eceddde20263d560{\nvertical-align:middle;\n}\n.responsive #top #wrap_all .flex_cell.av-3vbdg-a1293b8275af5f37eceddde20263d560{\npadding:30px 30px 30px 30px !important;\n}\n<\/style>\n<div class='flex_cell av-3vbdg-a1293b8275af5f37eceddde20263d560 av-gridrow-cell av_one_half no_margin  avia-builder-el-7  el_before_av_cell_one_half  avia-builder-el-first  content-align-middle'  ><div class='flex_cell_inner'><p><div class='flex_column_table av-376gw-44cb4767a99618a545fa2ed91beef3c1 sc-av_one_full av-equal-height-column-flextable'>\n<style type=\"text\/css\" data-created_by=\"avia_inline_auto\" id=\"style-css-av-376gw-44cb4767a99618a545fa2ed91beef3c1\">\n.flex_column.av-376gw-44cb4767a99618a545fa2ed91beef3c1{\nborder-radius:0px 0px 0px 0px;\npadding:0px 0px 0px 0px;\n}\n<\/style>\n<div  class='flex_column av-376gw-44cb4767a99618a545fa2ed91beef3c1 av_one_full  avia-builder-el-8  el_before_av_one_full  avia-builder-el-first  first flex_column_table_cell av-equal-height-column av-align-bottom av-animated-generic left-to-right av-zero-column-padding  '     ><style type=\"text\/css\" data-created_by=\"avia_inline_auto\" id=\"style-css-av-kpdqb629-e033558ff43bdec738a9922bd41dea0e\">\n.avia-image-container.av-kpdqb629-e033558ff43bdec738a9922bd41dea0e img.avia_image{\nbox-shadow:none;\n}\n.avia-image-container.av-kpdqb629-e033558ff43bdec738a9922bd41dea0e .av-image-caption-overlay-center{\ncolor:#ffffff;\n}\n<\/style>\n<div  class='avia-image-container av-kpdqb629-e033558ff43bdec738a9922bd41dea0e av-styling- avia-align-center  avia-builder-el-9  avia-builder-el-no-sibling '   itemprop=\"image\" itemscope=\"itemscope\" itemtype=\"https:\/\/schema.org\/ImageObject\" ><div class=\"avia-image-container-inner\"><div class=\"avia-image-overlay-wrap\"><img decoding=\"async\" fetchpriority=\"high\" class='wp-image-3789 avia-img-lazy-loading-not-3789 avia_image ' src=\"https:\/\/alpina-galtuer.at\/wp-content\/uploads\/2025\/12\/Familienfoto_2025-951x1030.jpg\" alt='Familie Walter auf Stiege bei Hoteleingang' title='Familienfoto_2025'  height=\"1030\" width=\"951\"  itemprop=\"thumbnailUrl\" srcset=\"https:\/\/alpina-galtuer.at\/wp-content\/uploads\/2025\/12\/Familienfoto_2025-951x1030.jpg 951w, https:\/\/alpina-galtuer.at\/wp-content\/uploads\/2025\/12\/Familienfoto_2025-277x300.jpg 277w, https:\/\/alpina-galtuer.at\/wp-content\/uploads\/2025\/12\/Familienfoto_2025-768x832.jpg 768w, https:\/\/alpina-galtuer.at\/wp-content\/uploads\/2025\/12\/Familienfoto_2025-1418x1536.jpg 1418w, https:\/\/alpina-galtuer.at\/wp-content\/uploads\/2025\/12\/Familienfoto_2025-1385x1500.jpg 1385w, https:\/\/alpina-galtuer.at\/wp-content\/uploads\/2025\/12\/Familienfoto_2025-651x705.jpg 651w, https:\/\/alpina-galtuer.at\/wp-content\/uploads\/2025\/12\/Familienfoto_2025.jpg 1846w\" sizes=\"(max-width: 951px) 100vw, 951px\" \/><\/div><\/div><\/div><\/div><\/div><!--close column table wrapper. Autoclose: 1 -->\n<style type=\"text\/css\" data-created_by=\"avia_inline_auto\" id=\"style-css-av-9o38-3e7a05c2be9e8a792b43133b7528b45c\">\n.flex_column.av-9o38-3e7a05c2be9e8a792b43133b7528b45c{\nborder-radius:0px 0px 0px 0px;\npadding:0px 0px 0px 0px;\nbackground-color:#d3d1cb;\n}\n<\/style>\n<div  class='flex_column av-9o38-3e7a05c2be9e8a792b43133b7528b45c av_one_full  avia-builder-el-10  el_after_av_one_full  avia-builder-el-last  ueberschrift-klein first flex_column_div av-animated-generic bottom-to-top av-zero-column-padding  column-top-margin'     ><style type=\"text\/css\" data-created_by=\"avia_inline_auto\" id=\"style-css-av-kpdq8y9m-1dd965c44d681f0b4d3077994ca141a1\">\n#top .av-special-heading.av-kpdq8y9m-1dd965c44d681f0b4d3077994ca141a1{\npadding-bottom:10px;\n}\nbody .av-special-heading.av-kpdq8y9m-1dd965c44d681f0b4d3077994ca141a1 .av-special-heading-tag .heading-char{\nfont-size:25px;\n}\n#top #wrap_all .av-special-heading.av-kpdq8y9m-1dd965c44d681f0b4d3077994ca141a1 .av-special-heading-tag{\npadding:10px 10px 10px 10px;\n}\n.av-special-heading.av-kpdq8y9m-1dd965c44d681f0b4d3077994ca141a1 .av-subheading{\nfont-size:15px;\n}\n<\/style>\n<div  class='av-special-heading av-kpdq8y9m-1dd965c44d681f0b4d3077994ca141a1 av-special-heading-h2 custom-color-heading blockquote modern-quote  avia-builder-el-11  avia-builder-el-no-sibling '><h2 class='av-special-heading-tag '  itemprop=\"headline\"  >The history.<\/h2><div class=\"special-heading-border\"><div class=\"special-heading-inner-border\"><\/div><\/div><\/div><\/div><\/p>\n<\/div><\/div>\n<style type=\"text\/css\" data-created_by=\"avia_inline_auto\" id=\"style-css-av-20dq8-774c19f11c5f10ca731dc4e0517c0fcc\">\n.flex_cell.av-20dq8-774c19f11c5f10ca731dc4e0517c0fcc{\nvertical-align:top;\n}\n.responsive #top #wrap_all .flex_cell.av-20dq8-774c19f11c5f10ca731dc4e0517c0fcc{\npadding:30px 30px 30px 30px !important;\n}\n<\/style>\n<div class='flex_cell av-20dq8-774c19f11c5f10ca731dc4e0517c0fcc av-gridrow-cell av_one_half no_margin  avia-builder-el-12  el_after_av_cell_one_half  avia-builder-el-last  content-align-top'  ><div class='flex_cell_inner'>\n<style type=\"text\/css\" data-created_by=\"avia_inline_auto\" id=\"style-css-av-1lzzc-1e1bb8edc4d7667b03fb695476286865\">\n.flex_column.av-1lzzc-1e1bb8edc4d7667b03fb695476286865{\nborder-radius:0px 0px 0px 0px;\npadding:0px 0px 0px 0px;\n}\n<\/style>\n<div  class='flex_column av-1lzzc-1e1bb8edc4d7667b03fb695476286865 av_one_full  avia-builder-el-13  avia-builder-el-no-sibling  first flex_column_div av-animated-generic right-to-left av-zero-column-padding  '     ><p>\n<style type=\"text\/css\" data-created_by=\"avia_inline_auto\" id=\"style-css-av-kqbyp0w9-d9cfe0dfd50a9f42e2ee59a8e4e02af1\">\n#top .hr.hr-invisible.av-kqbyp0w9-d9cfe0dfd50a9f42e2ee59a8e4e02af1{\nheight:50px;\n}\n<\/style>\n<div  class='hr av-kqbyp0w9-d9cfe0dfd50a9f42e2ee59a8e4e02af1 hr-invisible  avia-builder-el-14  el_before_av_textblock  avia-builder-el-first '><span class='hr-inner '><span class=\"hr-inner-style\"><\/span><\/span><\/div><br \/>\n<section  class='av_textblock_section av-kpdq8r8x-71365d3b269f8adf61110658e2852cf5 '   itemscope=\"itemscope\" itemtype=\"https:\/\/schema.org\/CreativeWork\" ><div class='avia_textblock'  itemprop=\"text\" ><p>The guest house \u201cAlpina\u201d was opened in 1964 by Gebhard and Rosa Walter (n\u00e9e Falch) with about 10 beds and a restaurant. Gebhard was a ski pioneer, a skiing instructor, a mountain guide, a farmer and owner of the guest house Vall\u00fcla in Galt\u00fcr. And he was well-known in the region. After his sudden death in 1966 his children Herbert and Irmgard took over the guest house and that way, made sure the hotel would remain family-run &#8211; and this hasn\u2019t changed up to now.<\/p>\n<p>Two years after his father\u2019s death, Herbert, who had followed his father\u2019s footsteps by becoming a farmer, skiing instructor and mountain guide, married Hildgard (n\u00e9e P\u00f6ll) also coming from Galt\u00fcr. The two ran the guest house together with an adjacent house until 2003.<\/p>\n<p>The oldest son Dietmar, also skiing instructor, took over the guest house in 2004. He, a ski enthusiast as well, runs the hotel \u2013 meanwhile renovated and enlarged &#8211; with his wife Maria (n\u00e9e H\u00f6fler) from Lower Austria with the same friendly atmosphere and enthusiasm.<\/p>\n<\/div><\/section><\/p><\/div>\n<\/div><\/div><\/div>\n","protected":false},"excerpt":{"rendered":"","protected":false},"author":2,"featured_media":0,"parent":0,"menu_order":2,"comment_status":"closed","ping_status":"closed","template":"","meta":{"_acf_changed":false,"footnotes":""},"class_list":["post-855","page","type-page","status-publish","hentry"],"acf":[],"yoast_head":"<!-- This site is optimized with the Yoast SEO plugin v27.3 - https:\/\/yoast.com\/product\/yoast-seo-wordpress\/ -->\n<title>Hotel Alpina Galt\u00fcr | Your hosts<\/title>\n<meta name=\"description\" content=\"Hotel Alpina Galt\u00fcr \u2713 Restaurant \u2713 Wellness \u2713 Culinary pampering programme \u2713 Holidays with children \u2713 Your hosts\" \/>\n<meta name=\"robots\" content=\"index, follow, max-snippet:-1, max-image-preview:large, max-video-preview:-1\" \/>\n<link rel=\"canonical\" href=\"https:\/\/alpina-galtuer.at\/en\/your-hosts\/\" \/>\n<meta property=\"og:locale\" content=\"en_US\" \/>\n<meta property=\"og:type\" content=\"article\" \/>\n<meta property=\"og:title\" content=\"Hotel Alpina Galt\u00fcr | Your hosts\" \/>\n<meta property=\"og:description\" content=\"Hotel Alpina Galt\u00fcr \u2713 Restaurant \u2713 Wellness \u2713 Culinary pampering programme \u2713 Holidays with children \u2713 Your hosts\" \/>\n<meta property=\"og:url\" content=\"https:\/\/alpina-galtuer.at\/en\/your-hosts\/\" \/>\n<meta property=\"og:site_name\" content=\"Hotel Alpina Galt\u00fcr\" \/>\n<meta property=\"article:modified_time\" content=\"2025-12-18T10:12:09+00:00\" \/>\n<meta name=\"twitter:card\" content=\"summary_large_image\" \/>\n<meta name=\"twitter:label1\" content=\"Est. reading time\" \/>\n\t<meta name=\"twitter:data1\" content=\"2 minutes\" \/>\n<script type=\"application\/ld+json\" class=\"yoast-schema-graph\">{\"@context\":\"https:\\\/\\\/schema.org\",\"@graph\":[{\"@type\":\"WebPage\",\"@id\":\"https:\\\/\\\/alpina-galtuer.at\\\/en\\\/your-hosts\\\/\",\"url\":\"https:\\\/\\\/alpina-galtuer.at\\\/en\\\/your-hosts\\\/\",\"name\":\"Hotel Alpina Galt\u00fcr | Your hosts\",\"isPartOf\":{\"@id\":\"https:\\\/\\\/alpina-galtuer.at\\\/#website\"},\"datePublished\":\"2021-05-10T09:45:05+00:00\",\"dateModified\":\"2025-12-18T10:12:09+00:00\",\"description\":\"Hotel Alpina Galt\u00fcr \u2713 Restaurant \u2713 Wellness \u2713 Culinary pampering programme \u2713 Holidays with children \u2713 Your hosts\",\"breadcrumb\":{\"@id\":\"https:\\\/\\\/alpina-galtuer.at\\\/en\\\/your-hosts\\\/#breadcrumb\"},\"inLanguage\":\"en-US\",\"potentialAction\":[{\"@type\":\"ReadAction\",\"target\":[\"https:\\\/\\\/alpina-galtuer.at\\\/en\\\/your-hosts\\\/\"]}]},{\"@type\":\"BreadcrumbList\",\"@id\":\"https:\\\/\\\/alpina-galtuer.at\\\/en\\\/your-hosts\\\/#breadcrumb\",\"itemListElement\":[{\"@type\":\"ListItem\",\"position\":1,\"name\":\"Startseite\",\"item\":\"https:\\\/\\\/alpina-galtuer.at\\\/en\\\/\"},{\"@type\":\"ListItem\",\"position\":2,\"name\":\"YOUR HOSTS.\"}]},{\"@type\":\"WebSite\",\"@id\":\"https:\\\/\\\/alpina-galtuer.at\\\/#website\",\"url\":\"https:\\\/\\\/alpina-galtuer.at\\\/\",\"name\":\"Hotel Alpina Galt\u00fcr\",\"description\":\"Urlaub im Einklang mit der Natur\",\"publisher\":{\"@id\":\"https:\\\/\\\/alpina-galtuer.at\\\/#organization\"},\"potentialAction\":[{\"@type\":\"SearchAction\",\"target\":{\"@type\":\"EntryPoint\",\"urlTemplate\":\"https:\\\/\\\/alpina-galtuer.at\\\/?s={search_term_string}\"},\"query-input\":{\"@type\":\"PropertyValueSpecification\",\"valueRequired\":true,\"valueName\":\"search_term_string\"}}],\"inLanguage\":\"en-US\"},{\"@type\":\"Organization\",\"@id\":\"https:\\\/\\\/alpina-galtuer.at\\\/#organization\",\"name\":\"Hotel Alpina Galt\u00fcr\",\"url\":\"https:\\\/\\\/alpina-galtuer.at\\\/\",\"logo\":{\"@type\":\"ImageObject\",\"inLanguage\":\"en-US\",\"@id\":\"https:\\\/\\\/alpina-galtuer.at\\\/#\\\/schema\\\/logo\\\/image\\\/\",\"url\":\"https:\\\/\\\/alpina-galtuer.at\\\/wp-content\\\/uploads\\\/2021\\\/05\\\/alpina-logo_Zeichenfla\u0308che-1-03.png\",\"contentUrl\":\"https:\\\/\\\/alpina-galtuer.at\\\/wp-content\\\/uploads\\\/2021\\\/05\\\/alpina-logo_Zeichenfla\u0308che-1-03.png\",\"width\":2528,\"height\":1543,\"caption\":\"Hotel Alpina Galt\u00fcr\"},\"image\":{\"@id\":\"https:\\\/\\\/alpina-galtuer.at\\\/#\\\/schema\\\/logo\\\/image\\\/\"}}]}<\/script>\n<!-- \/ Yoast SEO plugin. -->","yoast_head_json":{"title":"Hotel Alpina Galt\u00fcr | Your hosts","description":"Hotel Alpina Galt\u00fcr \u2713 Restaurant \u2713 Wellness \u2713 Culinary pampering programme \u2713 Holidays with children \u2713 Your hosts","robots":{"index":"index","follow":"follow","max-snippet":"max-snippet:-1","max-image-preview":"max-image-preview:large","max-video-preview":"max-video-preview:-1"},"canonical":"https:\/\/alpina-galtuer.at\/en\/your-hosts\/","og_locale":"en_US","og_type":"article","og_title":"Hotel Alpina Galt\u00fcr | Your hosts","og_description":"Hotel Alpina Galt\u00fcr \u2713 Restaurant \u2713 Wellness \u2713 Culinary pampering programme \u2713 Holidays with children \u2713 Your hosts","og_url":"https:\/\/alpina-galtuer.at\/en\/your-hosts\/","og_site_name":"Hotel Alpina Galt\u00fcr","article_modified_time":"2025-12-18T10:12:09+00:00","twitter_card":"summary_large_image","twitter_misc":{"Est. reading time":"2 minutes"},"schema":{"@context":"https:\/\/schema.org","@graph":[{"@type":"WebPage","@id":"https:\/\/alpina-galtuer.at\/en\/your-hosts\/","url":"https:\/\/alpina-galtuer.at\/en\/your-hosts\/","name":"Hotel Alpina Galt\u00fcr | Your hosts","isPartOf":{"@id":"https:\/\/alpina-galtuer.at\/#website"},"datePublished":"2021-05-10T09:45:05+00:00","dateModified":"2025-12-18T10:12:09+00:00","description":"Hotel Alpina Galt\u00fcr \u2713 Restaurant \u2713 Wellness \u2713 Culinary pampering programme \u2713 Holidays with children \u2713 Your hosts","breadcrumb":{"@id":"https:\/\/alpina-galtuer.at\/en\/your-hosts\/#breadcrumb"},"inLanguage":"en-US","potentialAction":[{"@type":"ReadAction","target":["https:\/\/alpina-galtuer.at\/en\/your-hosts\/"]}]},{"@type":"BreadcrumbList","@id":"https:\/\/alpina-galtuer.at\/en\/your-hosts\/#breadcrumb","itemListElement":[{"@type":"ListItem","position":1,"name":"Startseite","item":"https:\/\/alpina-galtuer.at\/en\/"},{"@type":"ListItem","position":2,"name":"YOUR HOSTS."}]},{"@type":"WebSite","@id":"https:\/\/alpina-galtuer.at\/#website","url":"https:\/\/alpina-galtuer.at\/","name":"Hotel Alpina Galt\u00fcr","description":"Urlaub im Einklang mit der Natur","publisher":{"@id":"https:\/\/alpina-galtuer.at\/#organization"},"potentialAction":[{"@type":"SearchAction","target":{"@type":"EntryPoint","urlTemplate":"https:\/\/alpina-galtuer.at\/?s={search_term_string}"},"query-input":{"@type":"PropertyValueSpecification","valueRequired":true,"valueName":"search_term_string"}}],"inLanguage":"en-US"},{"@type":"Organization","@id":"https:\/\/alpina-galtuer.at\/#organization","name":"Hotel Alpina Galt\u00fcr","url":"https:\/\/alpina-galtuer.at\/","logo":{"@type":"ImageObject","inLanguage":"en-US","@id":"https:\/\/alpina-galtuer.at\/#\/schema\/logo\/image\/","url":"https:\/\/alpina-galtuer.at\/wp-content\/uploads\/2021\/05\/alpina-logo_Zeichenfla\u0308che-1-03.png","contentUrl":"https:\/\/alpina-galtuer.at\/wp-content\/uploads\/2021\/05\/alpina-logo_Zeichenfla\u0308che-1-03.png","width":2528,"height":1543,"caption":"Hotel Alpina Galt\u00fcr"},"image":{"@id":"https:\/\/alpina-galtuer.at\/#\/schema\/logo\/image\/"}}]}},"_links":{"self":[{"href":"https:\/\/alpina-galtuer.at\/en\/wp-json\/wp\/v2\/pages\/855","targetHints":{"allow":["GET"]}}],"collection":[{"href":"https:\/\/alpina-galtuer.at\/en\/wp-json\/wp\/v2\/pages"}],"about":[{"href":"https:\/\/alpina-galtuer.at\/en\/wp-json\/wp\/v2\/types\/page"}],"author":[{"embeddable":true,"href":"https:\/\/alpina-galtuer.at\/en\/wp-json\/wp\/v2\/users\/2"}],"replies":[{"embeddable":true,"href":"https:\/\/alpina-galtuer.at\/en\/wp-json\/wp\/v2\/comments?post=855"}],"version-history":[{"count":19,"href":"https:\/\/alpina-galtuer.at\/en\/wp-json\/wp\/v2\/pages\/855\/revisions"}],"predecessor-version":[{"id":3807,"href":"https:\/\/alpina-galtuer.at\/en\/wp-json\/wp\/v2\/pages\/855\/revisions\/3807"}],"wp:attachment":[{"href":"https:\/\/alpina-galtuer.at\/en\/wp-json\/wp\/v2\/media?parent=855"}],"curies":[{"name":"wp","href":"https:\/\/api.w.org\/{rel}","templated":true}]}}