{"id":3346,"date":"2021-05-10T09:46:27","date_gmt":"2021-05-10T09:46:27","guid":{"rendered":"https:\/\/alpina-galtuer.at\/galtuer-in-summer\/"},"modified":"2021-05-10T09:46:27","modified_gmt":"2021-05-10T09:46:27","slug":"galtuer-in-summer","status":"publish","type":"page","link":"https:\/\/alpina-galtuer.at\/en\/galtuer-in-summer\/","title":{"rendered":"Galt\u00fcr in Summer"},"content":{"rendered":"","protected":false},"excerpt":{"rendered":"","protected":false},"author":2,"featured_media":0,"parent":0,"menu_order":5,"comment_status":"closed","ping_status":"closed","template":"","meta":{"_acf_changed":false,"footnotes":""},"class_list":["post-3346","page","type-page","status-publish","hentry"],"acf":[],"yoast_head":"<!-- This site is optimized with the Yoast SEO plugin v27.4 - https:\/\/yoast.com\/product\/yoast-seo-wordpress\/ -->\n<title>Hotel Alpina Galt\u00fcr | Galt\u00fcr in Summer<\/title>\n<meta name=\"description\" content=\"Hotel Alpina Galt\u00fcr \u2713 Restaurant \u2713 Wellness \u2713 Culinary pampering programme \u2713 Holidays with children \u2713 Galt\u00fcr in Summer\" \/>\n<meta name=\"robots\" content=\"index, follow, max-snippet:-1, max-image-preview:large, max-video-preview:-1\" \/>\n<link rel=\"canonical\" href=\"https:\/\/alpina-galtuer.at\/en\/galtuer-in-summer\/\" \/>\n<meta property=\"og:locale\" content=\"en_US\" \/>\n<meta property=\"og:type\" content=\"article\" \/>\n<meta property=\"og:title\" content=\"Hotel Alpina Galt\u00fcr | Galt\u00fcr in Summer\" \/>\n<meta property=\"og:description\" content=\"Hotel Alpina Galt\u00fcr \u2713 Restaurant \u2713 Wellness \u2713 Culinary pampering programme \u2713 Holidays with children \u2713 Galt\u00fcr in Summer\" \/>\n<meta property=\"og:url\" content=\"https:\/\/alpina-galtuer.at\/en\/galtuer-in-summer\/\" \/>\n<meta property=\"og:site_name\" content=\"Hotel Alpina Galt\u00fcr\" \/>\n<meta name=\"twitter:card\" content=\"summary_large_image\" \/>\n<meta name=\"twitter:label1\" content=\"Est. reading time\" \/>\n\t<meta name=\"twitter:data1\" content=\"7 minutes\" \/>\n<script type=\"application\/ld+json\" class=\"yoast-schema-graph\">{\"@context\":\"https:\\\/\\\/schema.org\",\"@graph\":[{\"@type\":\"WebPage\",\"@id\":\"https:\\\/\\\/alpina-galtuer.at\\\/en\\\/galtuer-in-summer\\\/\",\"url\":\"https:\\\/\\\/alpina-galtuer.at\\\/en\\\/galtuer-in-summer\\\/\",\"name\":\"Hotel Alpina Galt\u00fcr | Galt\u00fcr in Summer\",\"isPartOf\":{\"@id\":\"https:\\\/\\\/alpina-galtuer.at\\\/#website\"},\"datePublished\":\"2021-05-10T09:46:27+00:00\",\"description\":\"Hotel Alpina Galt\u00fcr \u2713 Restaurant \u2713 Wellness \u2713 Culinary pampering programme \u2713 Holidays with children \u2713 Galt\u00fcr in Summer\",\"breadcrumb\":{\"@id\":\"https:\\\/\\\/alpina-galtuer.at\\\/en\\\/galtuer-in-summer\\\/#breadcrumb\"},\"inLanguage\":\"en-US\",\"potentialAction\":[{\"@type\":\"ReadAction\",\"target\":[\"https:\\\/\\\/alpina-galtuer.at\\\/en\\\/galtuer-in-summer\\\/\"]}]},{\"@type\":\"BreadcrumbList\",\"@id\":\"https:\\\/\\\/alpina-galtuer.at\\\/en\\\/galtuer-in-summer\\\/#breadcrumb\",\"itemListElement\":[{\"@type\":\"ListItem\",\"position\":1,\"name\":\"Startseite\",\"item\":\"https:\\\/\\\/alpina-galtuer.at\\\/en\\\/\"},{\"@type\":\"ListItem\",\"position\":2,\"name\":\"Galt\u00fcr in Summer\"}]},{\"@type\":\"WebSite\",\"@id\":\"https:\\\/\\\/alpina-galtuer.at\\\/#website\",\"url\":\"https:\\\/\\\/alpina-galtuer.at\\\/\",\"name\":\"Hotel Alpina Galt\u00fcr\",\"description\":\"Urlaub im Einklang mit der Natur\",\"publisher\":{\"@id\":\"https:\\\/\\\/alpina-galtuer.at\\\/#organization\"},\"potentialAction\":[{\"@type\":\"SearchAction\",\"target\":{\"@type\":\"EntryPoint\",\"urlTemplate\":\"https:\\\/\\\/alpina-galtuer.at\\\/?s={search_term_string}\"},\"query-input\":{\"@type\":\"PropertyValueSpecification\",\"valueRequired\":true,\"valueName\":\"search_term_string\"}}],\"inLanguage\":\"en-US\"},{\"@type\":\"Organization\",\"@id\":\"https:\\\/\\\/alpina-galtuer.at\\\/#organization\",\"name\":\"Hotel Alpina Galt\u00fcr\",\"url\":\"https:\\\/\\\/alpina-galtuer.at\\\/\",\"logo\":{\"@type\":\"ImageObject\",\"inLanguage\":\"en-US\",\"@id\":\"https:\\\/\\\/alpina-galtuer.at\\\/#\\\/schema\\\/logo\\\/image\\\/\",\"url\":\"https:\\\/\\\/alpina-galtuer.at\\\/wp-content\\\/uploads\\\/2021\\\/05\\\/alpina-logo_Zeichenfla\u0308che-1-03.png\",\"contentUrl\":\"https:\\\/\\\/alpina-galtuer.at\\\/wp-content\\\/uploads\\\/2021\\\/05\\\/alpina-logo_Zeichenfla\u0308che-1-03.png\",\"width\":2528,\"height\":1543,\"caption\":\"Hotel Alpina Galt\u00fcr\"},\"image\":{\"@id\":\"https:\\\/\\\/alpina-galtuer.at\\\/#\\\/schema\\\/logo\\\/image\\\/\"}}]}<\/script>\n<!-- \/ Yoast SEO plugin. -->","yoast_head_json":{"title":"Hotel Alpina Galt\u00fcr | Galt\u00fcr in Summer","description":"Hotel Alpina Galt\u00fcr \u2713 Restaurant \u2713 Wellness \u2713 Culinary pampering programme \u2713 Holidays with children \u2713 Galt\u00fcr in Summer","robots":{"index":"index","follow":"follow","max-snippet":"max-snippet:-1","max-image-preview":"max-image-preview:large","max-video-preview":"max-video-preview:-1"},"canonical":"https:\/\/alpina-galtuer.at\/en\/galtuer-in-summer\/","og_locale":"en_US","og_type":"article","og_title":"Hotel Alpina Galt\u00fcr | Galt\u00fcr in Summer","og_description":"Hotel Alpina Galt\u00fcr \u2713 Restaurant \u2713 Wellness \u2713 Culinary pampering programme \u2713 Holidays with children \u2713 Galt\u00fcr in Summer","og_url":"https:\/\/alpina-galtuer.at\/en\/galtuer-in-summer\/","og_site_name":"Hotel Alpina Galt\u00fcr","twitter_card":"summary_large_image","twitter_misc":{"Est. reading time":"7 minutes"},"schema":{"@context":"https:\/\/schema.org","@graph":[{"@type":"WebPage","@id":"https:\/\/alpina-galtuer.at\/en\/galtuer-in-summer\/","url":"https:\/\/alpina-galtuer.at\/en\/galtuer-in-summer\/","name":"Hotel Alpina Galt\u00fcr | Galt\u00fcr in Summer","isPartOf":{"@id":"https:\/\/alpina-galtuer.at\/#website"},"datePublished":"2021-05-10T09:46:27+00:00","description":"Hotel Alpina Galt\u00fcr \u2713 Restaurant \u2713 Wellness \u2713 Culinary pampering programme \u2713 Holidays with children \u2713 Galt\u00fcr in Summer","breadcrumb":{"@id":"https:\/\/alpina-galtuer.at\/en\/galtuer-in-summer\/#breadcrumb"},"inLanguage":"en-US","potentialAction":[{"@type":"ReadAction","target":["https:\/\/alpina-galtuer.at\/en\/galtuer-in-summer\/"]}]},{"@type":"BreadcrumbList","@id":"https:\/\/alpina-galtuer.at\/en\/galtuer-in-summer\/#breadcrumb","itemListElement":[{"@type":"ListItem","position":1,"name":"Startseite","item":"https:\/\/alpina-galtuer.at\/en\/"},{"@type":"ListItem","position":2,"name":"Galt\u00fcr in Summer"}]},{"@type":"WebSite","@id":"https:\/\/alpina-galtuer.at\/#website","url":"https:\/\/alpina-galtuer.at\/","name":"Hotel Alpina Galt\u00fcr","description":"Urlaub im Einklang mit der Natur","publisher":{"@id":"https:\/\/alpina-galtuer.at\/#organization"},"potentialAction":[{"@type":"SearchAction","target":{"@type":"EntryPoint","urlTemplate":"https:\/\/alpina-galtuer.at\/?s={search_term_string}"},"query-input":{"@type":"PropertyValueSpecification","valueRequired":true,"valueName":"search_term_string"}}],"inLanguage":"en-US"},{"@type":"Organization","@id":"https:\/\/alpina-galtuer.at\/#organization","name":"Hotel Alpina Galt\u00fcr","url":"https:\/\/alpina-galtuer.at\/","logo":{"@type":"ImageObject","inLanguage":"en-US","@id":"https:\/\/alpina-galtuer.at\/#\/schema\/logo\/image\/","url":"https:\/\/alpina-galtuer.at\/wp-content\/uploads\/2021\/05\/alpina-logo_Zeichenfla\u0308che-1-03.png","contentUrl":"https:\/\/alpina-galtuer.at\/wp-content\/uploads\/2021\/05\/alpina-logo_Zeichenfla\u0308che-1-03.png","width":2528,"height":1543,"caption":"Hotel Alpina Galt\u00fcr"},"image":{"@id":"https:\/\/alpina-galtuer.at\/#\/schema\/logo\/image\/"}}]}},"_links":{"self":[{"href":"https:\/\/alpina-galtuer.at\/en\/wp-json\/wp\/v2\/pages\/3346","targetHints":{"allow":["GET"]}}],"collection":[{"href":"https:\/\/alpina-galtuer.at\/en\/wp-json\/wp\/v2\/pages"}],"about":[{"href":"https:\/\/alpina-galtuer.at\/en\/wp-json\/wp\/v2\/types\/page"}],"author":[{"embeddable":true,"href":"https:\/\/alpina-galtuer.at\/en\/wp-json\/wp\/v2\/users\/2"}],"replies":[{"embeddable":true,"href":"https:\/\/alpina-galtuer.at\/en\/wp-json\/wp\/v2\/comments?post=3346"}],"version-history":[{"count":0,"href":"https:\/\/alpina-galtuer.at\/en\/wp-json\/wp\/v2\/pages\/3346\/revisions"}],"wp:attachment":[{"href":"https:\/\/alpina-galtuer.at\/en\/wp-json\/wp\/v2\/media?parent=3346"}],"curies":[{"name":"wp","href":"https:\/\/api.w.org\/{rel}","templated":true}]}}