{"id":1026,"date":"2021-05-10T09:46:40","date_gmt":"2021-05-10T09:46:40","guid":{"rendered":"https:\/\/alpina-galtuer.at\/galtuer-im-winter\/"},"modified":"2026-01-27T15:58:45","modified_gmt":"2026-01-27T15:58:45","slug":"buy-skipass-online","status":"publish","type":"page","link":"https:\/\/alpina-galtuer.at\/en\/buy-skipass-online\/","title":{"rendered":"Online Ski pass"},"content":{"rendered":"<div class='flex_column_table av-wq1lg-459e93dd3ebc37da0514e2ae292e5906 sc-av_one_fifth av-equal-height-column-flextable'>\n<style type=\"text\/css\" data-created_by=\"avia_inline_auto\" id=\"style-css-av-wq1lg-459e93dd3ebc37da0514e2ae292e5906\">\n.flex_column.av-wq1lg-459e93dd3ebc37da0514e2ae292e5906{\nborder-radius:0px 0px 0px 0px;\npadding:0px 0px 0px 0px;\n}\n<\/style>\n<div  class='flex_column av-wq1lg-459e93dd3ebc37da0514e2ae292e5906 av_one_fifth  avia-builder-el-0  el_before_av_three_fourth  avia-builder-el-first  first flex_column_table_cell av-equal-height-column av-align-middle av-zero-column-padding  '     ><style type=\"text\/css\" data-created_by=\"avia_inline_auto\" id=\"style-css-av-3748o-5157537bbd31b97d54c043f3416b08d6\">\n.avia-image-container.av-3748o-5157537bbd31b97d54c043f3416b08d6 img.avia_image{\nbox-shadow:none;\n}\n.avia-image-container.av-3748o-5157537bbd31b97d54c043f3416b08d6 .av-image-caption-overlay-center{\ncolor:#ffffff;\n}\n<\/style>\n<div  class='avia-image-container av-3748o-5157537bbd31b97d54c043f3416b08d6 av-styling- avia-align-center  avia-builder-el-1  avia-builder-el-no-sibling  av-small-hide av-mini-hide'   itemprop=\"image\" itemscope=\"itemscope\" itemtype=\"https:\/\/schema.org\/ImageObject\" ><div class=\"avia-image-container-inner\"><div class=\"avia-image-overlay-wrap\"><img decoding=\"async\" fetchpriority=\"high\" class='wp-image-935 avia-img-lazy-loading-not-935 avia_image ' src=\"https:\/\/alpina-galtuer.at\/wp-content\/uploads\/2021\/05\/pfeile-stil-300-300x300.png\" alt='Icon Pfeile in Rot.' title='pfeile-stil-300'  height=\"300\" width=\"300\"  itemprop=\"thumbnailUrl\" srcset=\"https:\/\/alpina-galtuer.at\/wp-content\/uploads\/2021\/05\/pfeile-stil-300.png 300w, https:\/\/alpina-galtuer.at\/wp-content\/uploads\/2021\/05\/pfeile-stil-300-80x80.png 80w, https:\/\/alpina-galtuer.at\/wp-content\/uploads\/2021\/05\/pfeile-stil-300-36x36.png 36w, https:\/\/alpina-galtuer.at\/wp-content\/uploads\/2021\/05\/pfeile-stil-300-180x180.png 180w\" sizes=\"(max-width: 300px) 100vw, 300px\" \/><\/div><\/div><\/div><\/div>\n<div class='av-flex-placeholder'><\/div>\n<style type=\"text\/css\" data-created_by=\"avia_inline_auto\" id=\"style-css-av-vb9fk-cd8541e4452d1fd7c64dd9358cde9668\">\n.flex_column.av-vb9fk-cd8541e4452d1fd7c64dd9358cde9668{\nborder-radius:0px 0px 0px 0px;\npadding:0px 0px 0px 0px;\n}\n<\/style>\n<div  class='flex_column av-vb9fk-cd8541e4452d1fd7c64dd9358cde9668 av_three_fourth  avia-builder-el-2  el_after_av_one_fifth  el_before_av_hr  flex_column_table_cell av-equal-height-column av-align-middle av-zero-column-padding  '     ><style type=\"text\/css\" data-created_by=\"avia_inline_auto\" id=\"style-css-av-kp80zx94-ebcf91fd655c5eb23c92dae73328ab32\">\n#top .av-special-heading.av-kp80zx94-ebcf91fd655c5eb23c92dae73328ab32{\npadding-bottom:10px;\n}\nbody .av-special-heading.av-kp80zx94-ebcf91fd655c5eb23c92dae73328ab32 .av-special-heading-tag .heading-char{\nfont-size:25px;\n}\n.av-special-heading.av-kp80zx94-ebcf91fd655c5eb23c92dae73328ab32 .av-subheading{\nfont-size:15px;\n}\n<\/style>\n<div  class='av-special-heading av-kp80zx94-ebcf91fd655c5eb23c92dae73328ab32 av-special-heading-h1 blockquote modern-quote  avia-builder-el-3  avia-builder-el-no-sibling '><h1 class='av-special-heading-tag '  itemprop=\"headline\"  >BUY YOUR SKI PASS <\/br>ONLINE NOW<\/h1><div class=\"special-heading-border\"><div class=\"special-heading-inner-border\"><\/div><\/div><\/div><\/div><\/div><!--close column table wrapper. Autoclose: 1 -->\n<style type=\"text\/css\" data-created_by=\"avia_inline_auto\" id=\"style-css-av-xsbao-3299b3af89bffa34a0a7c0fa1dea0c20\">\n#top .hr.hr-invisible.av-xsbao-3299b3af89bffa34a0a7c0fa1dea0c20{\nheight:10px;\n}\n<\/style>\n<div  class='hr av-xsbao-3299b3af89bffa34a0a7c0fa1dea0c20 hr-invisible  avia-builder-el-4  el_after_av_three_fourth  el_before_av_one_full  av-medium-hide av-small-hide av-mini-hide'><span class='hr-inner '><span class=\"hr-inner-style\"><\/span><\/span><\/div><\/p>\n<div  class='flex_column av-36xjeq-3854063bf0775e9367e1633daebcb539 av_one_full  avia-builder-el-5  el_after_av_hr  avia-builder-el-last  first flex_column_div  '     ><\/div>\n","protected":false},"excerpt":{"rendered":"","protected":false},"author":2,"featured_media":0,"parent":0,"menu_order":6,"comment_status":"closed","ping_status":"closed","template":"","meta":{"_acf_changed":false,"footnotes":""},"class_list":["post-1026","page","type-page","status-publish","hentry"],"acf":[],"yoast_head":"<!-- This site is optimized with the Yoast SEO plugin v27.4 - https:\/\/yoast.com\/product\/yoast-seo-wordpress\/ -->\n<title>Hotel Alpina Galt\u00fcr | Galt\u00fcr in Winter<\/title>\n<meta name=\"description\" content=\"Hotel Alpina Galt\u00fcr \u2713 Restaurant \u2713 Wellness \u2713 Culinary pampering programme \u2713 Holidays with children \u2713Galt\u00fcr in Winter\" \/>\n<meta name=\"robots\" content=\"index, follow, max-snippet:-1, max-image-preview:large, max-video-preview:-1\" \/>\n<link rel=\"canonical\" href=\"https:\/\/alpina-galtuer.at\/en\/buy-skipass-online\/\" \/>\n<meta property=\"og:locale\" content=\"en_US\" \/>\n<meta property=\"og:type\" content=\"article\" \/>\n<meta property=\"og:title\" content=\"Hotel Alpina Galt\u00fcr | Galt\u00fcr in Winter\" \/>\n<meta property=\"og:description\" content=\"Hotel Alpina Galt\u00fcr \u2713 Restaurant \u2713 Wellness \u2713 Culinary pampering programme \u2713 Holidays with children \u2713Galt\u00fcr in Winter\" \/>\n<meta property=\"og:url\" content=\"https:\/\/alpina-galtuer.at\/en\/buy-skipass-online\/\" \/>\n<meta property=\"og:site_name\" content=\"Hotel Alpina Galt\u00fcr\" \/>\n<meta property=\"article:modified_time\" content=\"2026-01-27T15:58:45+00:00\" \/>\n<meta name=\"twitter:card\" content=\"summary_large_image\" \/>\n<meta name=\"twitter:label1\" content=\"Est. reading time\" \/>\n\t<meta name=\"twitter:data1\" content=\"1 minute\" \/>\n<script type=\"application\/ld+json\" class=\"yoast-schema-graph\">{\"@context\":\"https:\\\/\\\/schema.org\",\"@graph\":[{\"@type\":\"WebPage\",\"@id\":\"https:\\\/\\\/alpina-galtuer.at\\\/en\\\/buy-skipass-online\\\/\",\"url\":\"https:\\\/\\\/alpina-galtuer.at\\\/en\\\/buy-skipass-online\\\/\",\"name\":\"Hotel Alpina Galt\u00fcr | Galt\u00fcr in Winter\",\"isPartOf\":{\"@id\":\"https:\\\/\\\/alpina-galtuer.at\\\/#website\"},\"datePublished\":\"2021-05-10T09:46:40+00:00\",\"dateModified\":\"2026-01-27T15:58:45+00:00\",\"description\":\"Hotel Alpina Galt\u00fcr \u2713 Restaurant \u2713 Wellness \u2713 Culinary pampering programme \u2713 Holidays with children \u2713Galt\u00fcr in Winter\",\"breadcrumb\":{\"@id\":\"https:\\\/\\\/alpina-galtuer.at\\\/en\\\/buy-skipass-online\\\/#breadcrumb\"},\"inLanguage\":\"en-US\",\"potentialAction\":[{\"@type\":\"ReadAction\",\"target\":[\"https:\\\/\\\/alpina-galtuer.at\\\/en\\\/buy-skipass-online\\\/\"]}]},{\"@type\":\"BreadcrumbList\",\"@id\":\"https:\\\/\\\/alpina-galtuer.at\\\/en\\\/buy-skipass-online\\\/#breadcrumb\",\"itemListElement\":[{\"@type\":\"ListItem\",\"position\":1,\"name\":\"Startseite\",\"item\":\"https:\\\/\\\/alpina-galtuer.at\\\/en\\\/\"},{\"@type\":\"ListItem\",\"position\":2,\"name\":\"Online Ski pass\"}]},{\"@type\":\"WebSite\",\"@id\":\"https:\\\/\\\/alpina-galtuer.at\\\/#website\",\"url\":\"https:\\\/\\\/alpina-galtuer.at\\\/\",\"name\":\"Hotel Alpina Galt\u00fcr\",\"description\":\"Urlaub im Einklang mit der Natur\",\"publisher\":{\"@id\":\"https:\\\/\\\/alpina-galtuer.at\\\/#organization\"},\"potentialAction\":[{\"@type\":\"SearchAction\",\"target\":{\"@type\":\"EntryPoint\",\"urlTemplate\":\"https:\\\/\\\/alpina-galtuer.at\\\/?s={search_term_string}\"},\"query-input\":{\"@type\":\"PropertyValueSpecification\",\"valueRequired\":true,\"valueName\":\"search_term_string\"}}],\"inLanguage\":\"en-US\"},{\"@type\":\"Organization\",\"@id\":\"https:\\\/\\\/alpina-galtuer.at\\\/#organization\",\"name\":\"Hotel Alpina Galt\u00fcr\",\"url\":\"https:\\\/\\\/alpina-galtuer.at\\\/\",\"logo\":{\"@type\":\"ImageObject\",\"inLanguage\":\"en-US\",\"@id\":\"https:\\\/\\\/alpina-galtuer.at\\\/#\\\/schema\\\/logo\\\/image\\\/\",\"url\":\"https:\\\/\\\/alpina-galtuer.at\\\/wp-content\\\/uploads\\\/2021\\\/05\\\/alpina-logo_Zeichenfla\u0308che-1-03.png\",\"contentUrl\":\"https:\\\/\\\/alpina-galtuer.at\\\/wp-content\\\/uploads\\\/2021\\\/05\\\/alpina-logo_Zeichenfla\u0308che-1-03.png\",\"width\":2528,\"height\":1543,\"caption\":\"Hotel Alpina Galt\u00fcr\"},\"image\":{\"@id\":\"https:\\\/\\\/alpina-galtuer.at\\\/#\\\/schema\\\/logo\\\/image\\\/\"}}]}<\/script>\n<!-- \/ Yoast SEO plugin. -->","yoast_head_json":{"title":"Hotel Alpina Galt\u00fcr | Galt\u00fcr in Winter","description":"Hotel Alpina Galt\u00fcr \u2713 Restaurant \u2713 Wellness \u2713 Culinary pampering programme \u2713 Holidays with children \u2713Galt\u00fcr in Winter","robots":{"index":"index","follow":"follow","max-snippet":"max-snippet:-1","max-image-preview":"max-image-preview:large","max-video-preview":"max-video-preview:-1"},"canonical":"https:\/\/alpina-galtuer.at\/en\/buy-skipass-online\/","og_locale":"en_US","og_type":"article","og_title":"Hotel Alpina Galt\u00fcr | Galt\u00fcr in Winter","og_description":"Hotel Alpina Galt\u00fcr \u2713 Restaurant \u2713 Wellness \u2713 Culinary pampering programme \u2713 Holidays with children \u2713Galt\u00fcr in Winter","og_url":"https:\/\/alpina-galtuer.at\/en\/buy-skipass-online\/","og_site_name":"Hotel Alpina Galt\u00fcr","article_modified_time":"2026-01-27T15:58:45+00:00","twitter_card":"summary_large_image","twitter_misc":{"Est. reading time":"1 minute"},"schema":{"@context":"https:\/\/schema.org","@graph":[{"@type":"WebPage","@id":"https:\/\/alpina-galtuer.at\/en\/buy-skipass-online\/","url":"https:\/\/alpina-galtuer.at\/en\/buy-skipass-online\/","name":"Hotel Alpina Galt\u00fcr | Galt\u00fcr in Winter","isPartOf":{"@id":"https:\/\/alpina-galtuer.at\/#website"},"datePublished":"2021-05-10T09:46:40+00:00","dateModified":"2026-01-27T15:58:45+00:00","description":"Hotel Alpina Galt\u00fcr \u2713 Restaurant \u2713 Wellness \u2713 Culinary pampering programme \u2713 Holidays with children \u2713Galt\u00fcr in Winter","breadcrumb":{"@id":"https:\/\/alpina-galtuer.at\/en\/buy-skipass-online\/#breadcrumb"},"inLanguage":"en-US","potentialAction":[{"@type":"ReadAction","target":["https:\/\/alpina-galtuer.at\/en\/buy-skipass-online\/"]}]},{"@type":"BreadcrumbList","@id":"https:\/\/alpina-galtuer.at\/en\/buy-skipass-online\/#breadcrumb","itemListElement":[{"@type":"ListItem","position":1,"name":"Startseite","item":"https:\/\/alpina-galtuer.at\/en\/"},{"@type":"ListItem","position":2,"name":"Online Ski pass"}]},{"@type":"WebSite","@id":"https:\/\/alpina-galtuer.at\/#website","url":"https:\/\/alpina-galtuer.at\/","name":"Hotel Alpina Galt\u00fcr","description":"Urlaub im Einklang mit der Natur","publisher":{"@id":"https:\/\/alpina-galtuer.at\/#organization"},"potentialAction":[{"@type":"SearchAction","target":{"@type":"EntryPoint","urlTemplate":"https:\/\/alpina-galtuer.at\/?s={search_term_string}"},"query-input":{"@type":"PropertyValueSpecification","valueRequired":true,"valueName":"search_term_string"}}],"inLanguage":"en-US"},{"@type":"Organization","@id":"https:\/\/alpina-galtuer.at\/#organization","name":"Hotel Alpina Galt\u00fcr","url":"https:\/\/alpina-galtuer.at\/","logo":{"@type":"ImageObject","inLanguage":"en-US","@id":"https:\/\/alpina-galtuer.at\/#\/schema\/logo\/image\/","url":"https:\/\/alpina-galtuer.at\/wp-content\/uploads\/2021\/05\/alpina-logo_Zeichenfla\u0308che-1-03.png","contentUrl":"https:\/\/alpina-galtuer.at\/wp-content\/uploads\/2021\/05\/alpina-logo_Zeichenfla\u0308che-1-03.png","width":2528,"height":1543,"caption":"Hotel Alpina Galt\u00fcr"},"image":{"@id":"https:\/\/alpina-galtuer.at\/#\/schema\/logo\/image\/"}}]}},"_links":{"self":[{"href":"https:\/\/alpina-galtuer.at\/en\/wp-json\/wp\/v2\/pages\/1026","targetHints":{"allow":["GET"]}}],"collection":[{"href":"https:\/\/alpina-galtuer.at\/en\/wp-json\/wp\/v2\/pages"}],"about":[{"href":"https:\/\/alpina-galtuer.at\/en\/wp-json\/wp\/v2\/types\/page"}],"author":[{"embeddable":true,"href":"https:\/\/alpina-galtuer.at\/en\/wp-json\/wp\/v2\/users\/2"}],"replies":[{"embeddable":true,"href":"https:\/\/alpina-galtuer.at\/en\/wp-json\/wp\/v2\/comments?post=1026"}],"version-history":[{"count":25,"href":"https:\/\/alpina-galtuer.at\/en\/wp-json\/wp\/v2\/pages\/1026\/revisions"}],"predecessor-version":[{"id":4016,"href":"https:\/\/alpina-galtuer.at\/en\/wp-json\/wp\/v2\/pages\/1026\/revisions\/4016"}],"wp:attachment":[{"href":"https:\/\/alpina-galtuer.at\/en\/wp-json\/wp\/v2\/media?parent=1026"}],"curies":[{"name":"wp","href":"https:\/\/api.w.org\/{rel}","templated":true}]}}